{"id":22,"date":"2021-07-14T17:42:37","date_gmt":"2021-07-14T17:42:37","guid":{"rendered":"http:\/\/triode.bleuoutremer.qc.ca\/?page_id=22"},"modified":"2025-12-03T22:03:31","modified_gmt":"2025-12-04T03:03:31","slug":"nos-experts","status":"publish","type":"page","link":"https:\/\/externe.bleuoutremer.qc.ca\/triode\/nos-experts\/","title":{"rendered":"Nos experts"},"content":{"rendered":"","protected":false},"excerpt":{"rendered":"","protected":false},"author":1,"featured_media":0,"parent":0,"menu_order":0,"comment_status":"closed","ping_status":"closed","template":"","meta":{"_acf_changed":false,"inline_featured_image":false,"footnotes":""},"class_list":["post-22","page","type-page","status-publish","hentry"],"acf":[],"yoast_head":"<!-- This site is optimized with the Yoast SEO plugin v27.2 - https:\/\/yoast.com\/product\/yoast-seo-wordpress\/ -->\n<title>Des experts en d\u00e9veloppements de produits et en gestion de projets | Triode<\/title>\n<meta name=\"description\" content=\"Faites connaissance avec les acc\u00e9l\u00e9rateurs de l&#039;\u00e9quipe Triode et profitez d&#039;un appel GRATUIT! Voyez comment nous pouvons vous aider \u00e0 innover au sein de votre entreprise.\" \/>\n<meta name=\"robots\" content=\"noindex, follow, max-snippet:-1, max-image-preview:large, max-video-preview:-1\" \/>\n<meta property=\"og:locale\" content=\"fr_FR\" \/>\n<meta property=\"og:type\" content=\"article\" \/>\n<meta property=\"og:title\" content=\"Des experts en d\u00e9veloppements de produits et en gestion de projets | Triode\" \/>\n<meta property=\"og:description\" content=\"Faites connaissance avec les acc\u00e9l\u00e9rateurs de l&#039;\u00e9quipe Triode et profitez d&#039;un appel GRATUIT! Voyez comment nous pouvons vous aider \u00e0 innover au sein de votre entreprise.\" \/>\n<meta property=\"og:url\" content=\"https:\/\/externe.bleuoutremer.qc.ca\/triode\/nos-experts\/\" \/>\n<meta property=\"og:site_name\" content=\"Triode\" \/>\n<meta property=\"article:publisher\" content=\"https:\/\/www.facebook.com\/triodestrategie\/\" \/>\n<meta property=\"article:modified_time\" content=\"2025-12-04T03:03:31+00:00\" \/>\n<meta property=\"og:image\" content=\"https:\/\/externe.bleuoutremer.qc.ca\/triode\/wp-content\/uploads\/2023\/06\/triode-logo-smo.jpg\" \/>\n\t<meta property=\"og:image:width\" content=\"1200\" \/>\n\t<meta property=\"og:image:height\" content=\"675\" \/>\n\t<meta property=\"og:image:type\" content=\"image\/jpeg\" \/>\n<meta name=\"twitter:card\" content=\"summary_large_image\" \/>\n<meta name=\"twitter:site\" content=\"@psirois\" \/>\n<script type=\"application\/ld+json\" class=\"yoast-schema-graph\">{\"@context\":\"https:\/\/schema.org\",\"@graph\":[{\"@type\":\"WebPage\",\"@id\":\"https:\/\/externe.bleuoutremer.qc.ca\/triode\/nos-experts\/\",\"url\":\"https:\/\/externe.bleuoutremer.qc.ca\/triode\/nos-experts\/\",\"name\":\"Des experts en d\u00e9veloppements de produits et en gestion de projets | Triode\",\"isPartOf\":{\"@id\":\"https:\/\/externe.bleuoutremer.qc.ca\/triode\/#website\"},\"datePublished\":\"2021-07-14T17:42:37+00:00\",\"dateModified\":\"2025-12-04T03:03:31+00:00\",\"description\":\"Faites connaissance avec les acc\u00e9l\u00e9rateurs de l'\u00e9quipe Triode et profitez d'un appel GRATUIT! Voyez comment nous pouvons vous aider \u00e0 innover au sein de votre entreprise.\",\"breadcrumb\":{\"@id\":\"https:\/\/externe.bleuoutremer.qc.ca\/triode\/nos-experts\/#breadcrumb\"},\"inLanguage\":\"fr-FR\",\"potentialAction\":[{\"@type\":\"ReadAction\",\"target\":[\"https:\/\/externe.bleuoutremer.qc.ca\/triode\/nos-experts\/\"]}]},{\"@type\":\"BreadcrumbList\",\"@id\":\"https:\/\/externe.bleuoutremer.qc.ca\/triode\/nos-experts\/#breadcrumb\",\"itemListElement\":[{\"@type\":\"ListItem\",\"position\":1,\"name\":\"Accueil\",\"item\":\"https:\/\/externe.bleuoutremer.qc.ca\/triode\/\"},{\"@type\":\"ListItem\",\"position\":2,\"name\":\"Nos experts\"}]},{\"@type\":\"WebSite\",\"@id\":\"https:\/\/externe.bleuoutremer.qc.ca\/triode\/#website\",\"url\":\"https:\/\/externe.bleuoutremer.qc.ca\/triode\/\",\"name\":\"Triode\",\"description\":\"\",\"publisher\":{\"@id\":\"https:\/\/externe.bleuoutremer.qc.ca\/triode\/#organization\"},\"potentialAction\":[{\"@type\":\"SearchAction\",\"target\":{\"@type\":\"EntryPoint\",\"urlTemplate\":\"https:\/\/externe.bleuoutremer.qc.ca\/triode\/?s={search_term_string}\"},\"query-input\":{\"@type\":\"PropertyValueSpecification\",\"valueRequired\":true,\"valueName\":\"search_term_string\"}}],\"inLanguage\":\"fr-FR\"},{\"@type\":\"Organization\",\"@id\":\"https:\/\/externe.bleuoutremer.qc.ca\/triode\/#organization\",\"name\":\"Triode\",\"url\":\"https:\/\/externe.bleuoutremer.qc.ca\/triode\/\",\"logo\":{\"@type\":\"ImageObject\",\"inLanguage\":\"fr-FR\",\"@id\":\"https:\/\/externe.bleuoutremer.qc.ca\/triode\/#\/schema\/logo\/image\/\",\"url\":\"https:\/\/triode.ca\/wp-content\/uploads\/2023\/06\/triode-logo.png\",\"contentUrl\":\"https:\/\/triode.ca\/wp-content\/uploads\/2023\/06\/triode-logo.png\",\"width\":1200,\"height\":630,\"caption\":\"Triode\"},\"image\":{\"@id\":\"https:\/\/externe.bleuoutremer.qc.ca\/triode\/#\/schema\/logo\/image\/\"},\"sameAs\":[\"https:\/\/www.facebook.com\/triodestrategie\/\",\"https:\/\/x.com\/psirois\",\"https:\/\/www.linkedin.com\/company\/triode---strat-gie-de-produits\/\"]}]}<\/script>\n<!-- \/ Yoast SEO plugin. -->","yoast_head_json":{"title":"Des experts en d\u00e9veloppements de produits et en gestion de projets | Triode","description":"Faites connaissance avec les acc\u00e9l\u00e9rateurs de l'\u00e9quipe Triode et profitez d'un appel GRATUIT! Voyez comment nous pouvons vous aider \u00e0 innover au sein de votre entreprise.","robots":{"index":"noindex","follow":"follow","max-snippet":"max-snippet:-1","max-image-preview":"max-image-preview:large","max-video-preview":"max-video-preview:-1"},"og_locale":"fr_FR","og_type":"article","og_title":"Des experts en d\u00e9veloppements de produits et en gestion de projets | Triode","og_description":"Faites connaissance avec les acc\u00e9l\u00e9rateurs de l'\u00e9quipe Triode et profitez d'un appel GRATUIT! Voyez comment nous pouvons vous aider \u00e0 innover au sein de votre entreprise.","og_url":"https:\/\/externe.bleuoutremer.qc.ca\/triode\/nos-experts\/","og_site_name":"Triode","article_publisher":"https:\/\/www.facebook.com\/triodestrategie\/","article_modified_time":"2025-12-04T03:03:31+00:00","og_image":[{"width":1200,"height":675,"url":"https:\/\/externe.bleuoutremer.qc.ca\/triode\/wp-content\/uploads\/2023\/06\/triode-logo-smo.jpg","type":"image\/jpeg"}],"twitter_card":"summary_large_image","twitter_site":"@psirois","schema":{"@context":"https:\/\/schema.org","@graph":[{"@type":"WebPage","@id":"https:\/\/externe.bleuoutremer.qc.ca\/triode\/nos-experts\/","url":"https:\/\/externe.bleuoutremer.qc.ca\/triode\/nos-experts\/","name":"Des experts en d\u00e9veloppements de produits et en gestion de projets | Triode","isPartOf":{"@id":"https:\/\/externe.bleuoutremer.qc.ca\/triode\/#website"},"datePublished":"2021-07-14T17:42:37+00:00","dateModified":"2025-12-04T03:03:31+00:00","description":"Faites connaissance avec les acc\u00e9l\u00e9rateurs de l'\u00e9quipe Triode et profitez d'un appel GRATUIT! Voyez comment nous pouvons vous aider \u00e0 innover au sein de votre entreprise.","breadcrumb":{"@id":"https:\/\/externe.bleuoutremer.qc.ca\/triode\/nos-experts\/#breadcrumb"},"inLanguage":"fr-FR","potentialAction":[{"@type":"ReadAction","target":["https:\/\/externe.bleuoutremer.qc.ca\/triode\/nos-experts\/"]}]},{"@type":"BreadcrumbList","@id":"https:\/\/externe.bleuoutremer.qc.ca\/triode\/nos-experts\/#breadcrumb","itemListElement":[{"@type":"ListItem","position":1,"name":"Accueil","item":"https:\/\/externe.bleuoutremer.qc.ca\/triode\/"},{"@type":"ListItem","position":2,"name":"Nos experts"}]},{"@type":"WebSite","@id":"https:\/\/externe.bleuoutremer.qc.ca\/triode\/#website","url":"https:\/\/externe.bleuoutremer.qc.ca\/triode\/","name":"Triode","description":"","publisher":{"@id":"https:\/\/externe.bleuoutremer.qc.ca\/triode\/#organization"},"potentialAction":[{"@type":"SearchAction","target":{"@type":"EntryPoint","urlTemplate":"https:\/\/externe.bleuoutremer.qc.ca\/triode\/?s={search_term_string}"},"query-input":{"@type":"PropertyValueSpecification","valueRequired":true,"valueName":"search_term_string"}}],"inLanguage":"fr-FR"},{"@type":"Organization","@id":"https:\/\/externe.bleuoutremer.qc.ca\/triode\/#organization","name":"Triode","url":"https:\/\/externe.bleuoutremer.qc.ca\/triode\/","logo":{"@type":"ImageObject","inLanguage":"fr-FR","@id":"https:\/\/externe.bleuoutremer.qc.ca\/triode\/#\/schema\/logo\/image\/","url":"https:\/\/triode.ca\/wp-content\/uploads\/2023\/06\/triode-logo.png","contentUrl":"https:\/\/triode.ca\/wp-content\/uploads\/2023\/06\/triode-logo.png","width":1200,"height":630,"caption":"Triode"},"image":{"@id":"https:\/\/externe.bleuoutremer.qc.ca\/triode\/#\/schema\/logo\/image\/"},"sameAs":["https:\/\/www.facebook.com\/triodestrategie\/","https:\/\/x.com\/psirois","https:\/\/www.linkedin.com\/company\/triode---strat-gie-de-produits\/"]}]}},"_links":{"self":[{"href":"https:\/\/externe.bleuoutremer.qc.ca\/triode\/wp-json\/wp\/v2\/pages\/22","targetHints":{"allow":["GET"]}}],"collection":[{"href":"https:\/\/externe.bleuoutremer.qc.ca\/triode\/wp-json\/wp\/v2\/pages"}],"about":[{"href":"https:\/\/externe.bleuoutremer.qc.ca\/triode\/wp-json\/wp\/v2\/types\/page"}],"author":[{"embeddable":true,"href":"https:\/\/externe.bleuoutremer.qc.ca\/triode\/wp-json\/wp\/v2\/users\/1"}],"replies":[{"embeddable":true,"href":"https:\/\/externe.bleuoutremer.qc.ca\/triode\/wp-json\/wp\/v2\/comments?post=22"}],"version-history":[{"count":10,"href":"https:\/\/externe.bleuoutremer.qc.ca\/triode\/wp-json\/wp\/v2\/pages\/22\/revisions"}],"predecessor-version":[{"id":2736,"href":"https:\/\/externe.bleuoutremer.qc.ca\/triode\/wp-json\/wp\/v2\/pages\/22\/revisions\/2736"}],"wp:attachment":[{"href":"https:\/\/externe.bleuoutremer.qc.ca\/triode\/wp-json\/wp\/v2\/media?parent=22"}],"curies":[{"name":"wp","href":"https:\/\/api.w.org\/{rel}","templated":true}]}}